{"id":3119,"date":"2023-12-07T16:59:35","date_gmt":"2023-12-07T16:59:35","guid":{"rendered":"https:\/\/preziosa.tmp02linuxsp.coriweb.com\/privacy-policy\/"},"modified":"2024-03-11T10:01:59","modified_gmt":"2024-03-11T10:01:59","slug":"datenschutz-bestimmungen","status":"publish","type":"page","link":"https:\/\/preziosa.tmp02linuxsp.coriweb.com\/de\/datenschutz-bestimmungen\/","title":{"rendered":"Datenschutz-Bestimmungen"},"content":{"rendered":"\t\t<div data-elementor-type=\"wp-page\" data-elementor-id=\"3119\" class=\"elementor elementor-3119 elementor-3\" data-elementor-post-type=\"page\">\n\t\t\t\t<div class=\"elementor-element elementor-element-3b49e9ff e-flex e-con-boxed e-con e-parent\" data-id=\"3b49e9ff\" data-element_type=\"container\" data-core-v316-plus=\"true\">\n\t\t\t\t\t<div class=\"e-con-inner\">\n\t\t\t\t<div class=\"elementor-element elementor-element-fbc759e elementor-widget elementor-widget-text-editor\" data-id=\"fbc759e\" data-element_type=\"widget\" data-widget_type=\"text-editor.default\">\n\t\t\t\t<div class=\"elementor-widget-container\">\n\t\t\t<style>\/*! elementor - v3.20.0 - 13-03-2024 *\/\n.elementor-widget-text-editor.elementor-drop-cap-view-stacked .elementor-drop-cap{background-color:#69727d;color:#fff}.elementor-widget-text-editor.elementor-drop-cap-view-framed .elementor-drop-cap{color:#69727d;border:3px solid;background-color:transparent}.elementor-widget-text-editor:not(.elementor-drop-cap-view-default) .elementor-drop-cap{margin-top:8px}.elementor-widget-text-editor:not(.elementor-drop-cap-view-default) .elementor-drop-cap-letter{width:1em;height:1em}.elementor-widget-text-editor .elementor-drop-cap{float:left;text-align:center;line-height:1;font-size:50px}.elementor-widget-text-editor .elementor-drop-cap-letter{display:inline-block}<\/style>\t\t\t\t<strong>INFORMATIONEN \u00dcBER DIE VERARBEITUNG PERSONENBEZOGENER DATEN VON KUNDEN\n<br>\n(EU-VERORDNUNG 2016\/679)<\/strong>\t\t\t\t\t\t<\/div>\n\t\t\t\t<\/div>\n\t\t\t\t<div class=\"elementor-element elementor-element-1f7e1226 elementor-widget elementor-widget-text-editor\" data-id=\"1f7e1226\" data-element_type=\"widget\" data-widget_type=\"text-editor.default\">\n\t\t\t\t<div class=\"elementor-widget-container\">\n\t\t\t\t\t\t\t<p><span style=\"font-weight: 400;\">Sehr geehrte(r) Besucher*in,<\/span><\/p><p><span style=\"font-weight: 400;\">wir informieren Sie, dass PREZIOSA FRANCESCO S.r.l. Ihren Datenschutz sehr ernst nimmt und festgelegt hat, wie Ihre Daten verarbeitet und gesch\u00fctzt werden m\u00fcssen. Mehr Informationen dazu erhalten Sie im nachstehenden Dokument:<\/span><\/p><ul><li aria-level=\"1\"><b>Verantwortlicher f\u00fcr die Datenverarbeitung<\/b><\/li><\/ul><table><tbody><tr><td><p><b>Bezeichnung<\/b><\/p><\/td><td><p><b>Kontakte<\/b><\/p><\/td><td><p><b>DSB \u2013 Datenschutzbeauftragter<\/b><\/p><\/td><\/tr><tr><td><p><span style=\"font-weight: 400;\">Preziosa FRANCESCO S.r.l.<\/span><\/p><\/td><td><ul><li style=\"font-weight: 400;\" aria-level=\"1\"><span style=\"font-weight: 400;\">Anschrift: Preziosa FRANCESCO S.r.l. mit Sitz in Via IV Novembre n.1, Bagnatica, 24060, BG<\/span><\/li><li style=\"font-weight: 400;\" aria-level=\"1\"><span style=\"font-weight: 400;\">Telefon: 035\u00a0681209\u00a0<\/span><\/li><li style=\"font-weight: 400;\" aria-level=\"1\"><span style=\"font-weight: 400;\">E-Mail: <\/span><a href=\"mailto:info@preziosa.com\"><span style=\"font-weight: 400;\">info@preziosa.com<\/span><\/a><span style=\"font-weight: 400;\">\u00a0<\/span><\/li><li style=\"font-weight: 400;\" aria-level=\"1\"><span style=\"font-weight: 400;\">PEC: <\/span><a href=\"mailto:preziosa.srl@legalmail.it\"><span style=\"font-weight: 400;\">preziosa.srl@legalmail.it<\/span><\/a><span style=\"font-weight: 400;\">\u00a0<\/span><\/li><\/ul><\/td><td><p><span style=\"font-weight: 400;\">nicht notwendig<\/span><\/p><\/td><\/tr><\/tbody><\/table><ul><li aria-level=\"1\"><b>Zweck und Rechtsgrundlage der Verarbeitung<\/b><\/li><\/ul><table><tbody><tr><td><p><b>Verwendungszweck<\/b><\/p><\/td><td><p><b>Rechtsgrundlage<\/b><\/p><\/td><td><p><b>Notwendigkeit der Datenbereitstellung<\/b><\/p><\/td><td><p><b>Datenspeicherungsfrist<\/b><\/p><\/td><\/tr><tr><td><p><span style=\"font-weight: 400;\">Verarbeitung der Navigationsdaten, die erforderlich sind, um eine reibungslose Nutzung unserer Website zu gew\u00e4hrleisten und deren technische Funktionsweise und Leistungen zu \u00fcberwachen.<\/span><\/p><\/td><td><p><span style=\"font-weight: 400;\">Vorwiegendes rechtliches Interesse des Verantwortlichen.<\/span><\/p><\/td><td><p><span style=\"font-weight: 400;\">Es ist erforderlich, die Daten zur Verf\u00fcgung zu stellen, ansonsten k\u00f6nnen wir nicht die Navigation auf unserer Website garantieren.<\/span><\/p><\/td><td><p><span style=\"font-weight: 400;\">Die Navigationsdaten werden f\u00fcr die Dauer der Navigation gespeichert.<\/span><\/p><p><span style=\"font-weight: 400;\">In Bezug auf Cookies, die von externen Dienstleistern aktiviert werden, fordern wir Sie auf, die Cookie-Richtlinie zu lesen.<\/span><\/p><\/td><\/tr><tr><td><p><span style=\"font-weight: 400;\">Verwaltung der Anfragen, die \u00fcber das\u00a0 Kontaktformular auf der Website empfangen sind.<\/span><\/p><\/td><td rowspan=\"2\"><p><span style=\"font-weight: 400;\">Vorvertragliche Ma\u00dfnahmen<\/span><\/p><\/td><td rowspan=\"2\"><p><span style=\"font-weight: 400;\">Es ist erforderlich, die Daten zur Verf\u00fcgung zu stellen, ansonsten k\u00f6nnen wir nicht Ihre Anfrage beantworten.<\/span><\/p><\/td><td rowspan=\"2\"><p><span style=\"font-weight: 400;\">Die Daten in der Anfragen, die \u00fcber die Website empfangen sind, werden f\u00fcr 12 Monaten ab Eingang der Anfrage aufbewahrt.<\/span><\/p><\/td><\/tr><tr><td><p><span style=\"font-weight: 400;\">Erfassung von Informationen vor Vertragsschluss und\/oder Erbringung der Dienstleistung (z.\u00a0B. f\u00fcr die Zusendung von Katalogen oder Kostenvoranschlagen)<\/span><\/p><\/td><\/tr><tr><td><p><span style=\"font-weight: 400;\">Zusendung kommerzieller und werblicher Mitteilungen \u00fcber die angebotenen Produkte\/Dienstleistungen (z.\u00a0B. Newsletter, E-Mails, WhatsApp usw.)<\/span><\/p><\/td><td><p><span style=\"font-weight: 400;\">Einwilligung der betroffenen Person<\/span><\/p><\/td><td><p><span style=\"font-weight: 400;\">Die Bereitstellung von Daten ist freiwillig. Sie k\u00f6nnen frei entscheiden, keine Daten freizugeben, ohne dass dies uns daran hindert, den Service zu garantieren.<\/span><\/p><\/td><td><p><span style=\"font-weight: 400;\">Die Daten werden bis zum Widerruf der Einwilligung und sp\u00e4testens 2 Jahre nach der Einwilligung verwendet.<\/span><\/p><\/td><\/tr><tr><td><p><span style=\"font-weight: 400;\">Zusendung kommerzieller Mitteilungen \u00fcber Dienstleistungen und Produkte, die denen der betroffenen Person bereits zugelieferten \u00e4hneln (<\/span><i><span style=\"font-weight: 400;\">soft Spam<\/span><\/i><span style=\"font-weight: 400;\">)<\/span><\/p><\/td><td><p><span style=\"font-weight: 400;\">Vorwiegendes rechtliches Interesse des Verantwortlichen.<\/span><\/p><\/td><td><p><span style=\"font-weight: 400;\">Die Bereitstellung von Daten ist freiwillig: Sie k\u00f6nnen frei entscheiden, der Verarbeitung zu diesem Zweck zu widersprechen, ohne dass dies uns daran hindert, die Dienstleistung zu garantieren.<\/span><\/p><\/td><td><p><span style=\"font-weight: 400;\">Die auf der Grundlage des rechtlichen Interesses verarbeiteten Daten werden verwendet, bis die betroffene Person das Rechts auf Einschr\u00e4nkung der Verarbeitung aus\u00fcbt.<\/span><\/p><\/td><\/tr><\/tbody><\/table><ol><li style=\"font-weight: 400;\" aria-level=\"1\"><b>Beschreibung der Datenverarbeitung<\/b><\/li><\/ol><table><tbody><tr><td><p><span style=\"font-weight: 400;\">Die Sicherheit Ihrer Daten wird durch die Umsetzung geeigneter technischer und organisatorischer<\/span> <span style=\"font-weight: 400;\">Ma\u00dfnahmen gew\u00e4hrleistet. Wir garantieren, dass Ihre Daten nicht mit automatisierten Entscheidungsprozessen verarbeitet werden.<\/span><\/p><\/td><\/tr><\/tbody><\/table><ol><li style=\"font-weight: 400;\" aria-level=\"1\"><b>Datenempf\u00e4nger<\/b><\/li><\/ol><table><tbody><tr><td><p><span style=\"font-weight: 400;\">Mitarbeiter und Mitarbeiter des Datenverantwortlichen, professionelle Firmen, Berater, IT-Dienstleister und andere sorgf\u00e4ltig ausgew\u00e4hlten und zeitnah ausgebildeten Dienstleister au\u00dferhalb unseres Unternehmens.<\/span><\/p><\/td><td rowspan=\"3\"><p><span style=\"font-weight: 400;\">Einige der oben aufgef\u00fchrten Empf\u00e4nger werden zum Auftragsverarbeiter ernannt. Die vollst\u00e4ndige Liste der Ernennungen ist am Hauptsitz des Datenverantwortlichen verf\u00fcgbar.<\/span><\/p><\/td><\/tr><tr><td><p><span style=\"font-weight: 400;\">Verwaltungsbeh\u00f6rde und \u00f6ffentliche K\u00f6rperschaften;<\/span><\/p><\/td><\/tr><tr><td><p><span style=\"font-weight: 400;\">Kredit- und Finanzinstitute, Versicherungsunternehmen<\/span><\/p><\/td><\/tr><\/tbody><\/table><ol><li style=\"font-weight: 400;\" aria-level=\"1\"><b>Rechte der betroffenen Person<\/b><\/li><\/ol><table><tbody><tr><td><p><b>Rechte<\/b><\/p><\/td><td><p><b>Modalit\u00e4t der Aus\u00fcbung<\/b><\/p><\/td><td><p><b>Beschwerde<\/b><\/p><\/td><\/tr><tr><td><p><span style=\"font-weight: 400;\">Auskunft<\/span><\/p><\/td><td rowspan=\"6\"><p><span style=\"font-weight: 400;\">Um die Rechte auszu\u00fcben, k\u00f6nnen Sie an die unter Punkt 1 angegebenen Kontaktdaten wenden.\u00a0<\/span><\/p><\/td><td rowspan=\"6\"><p><span style=\"font-weight: 400;\">Sie haben das Recht, eine Beschwerde bei der Beh\u00f6rde f\u00fcr den Schutz personenbezogener Daten einzureichen (<\/span><a href=\"https:\/\/www.garanteprivacy.it\/\"><span style=\"font-weight: 400;\">https:\/\/www.garanteprivacy.it\/<\/span><\/a><span style=\"font-weight: 400;\">).<\/span><\/p><\/td><\/tr><tr><td><p><span style=\"font-weight: 400;\">Berichtigung<\/span><\/p><\/td><\/tr><tr><td><p><span style=\"font-weight: 400;\">Widerruf der Einwilligung<\/span><\/p><\/td><\/tr><tr><td><p><span style=\"font-weight: 400;\">Widerspruch<\/span><\/p><\/td><\/tr><tr><td><p><span style=\"font-weight: 400;\">L\u00f6schung (Vergessenwerden)<\/span><\/p><\/td><\/tr><tr><td><p><span style=\"font-weight: 400;\">Einschr\u00e4nkung der Verarbeitung<\/span><\/p><\/td><\/tr><\/tbody><\/table><p><span style=\"font-weight: 400;\">Letztes Aktualisierungsdatum: 23\/01\/2024<\/span><span style=\"font-weight: 400;\">.\u00a0<\/span><\/p>\t\t\t\t\t\t<\/div>\n\t\t\t\t<\/div>\n\t\t\t\t\t<\/div>\n\t\t\t\t<\/div>\n\t\t\t\t<\/div>\n\t\t","protected":false},"excerpt":{"rendered":"<p>INFORMATIONEN \u00dcBER DIE VERARBEITUNG PERSONENBEZOGENER DATEN VON KUNDEN (EU-VERORDNUNG 2016\/679) Sehr geehrte(r) Besucher*in, wir informieren Sie, dass PREZIOSA FRANCESCO S.r.l. Ihren Datenschutz sehr ernst nimmt und festgelegt hat, wie Ihre Daten verarbeitet und gesch\u00fctzt werden m\u00fcssen. Mehr Informationen dazu erhalten Sie im nachstehenden Dokument: Verantwortlicher f\u00fcr die Datenverarbeitung Bezeichnung Kontakte DSB \u2013 Datenschutzbeauftragter Preziosa FRANCESCO [&hellip;]<\/p>\n","protected":false},"author":1,"featured_media":0,"parent":0,"menu_order":0,"comment_status":"closed","ping_status":"open","template":"","meta":{"_acf_changed":false,"footnotes":""},"acf":[],"yoast_head":"<!-- This site is optimized with the Yoast SEO plugin v22.3 - https:\/\/yoast.com\/wordpress\/plugins\/seo\/ -->\n<title>Datenschutz-Bestimmungen - Preziosa<\/title>\n<meta name=\"robots\" content=\"noindex, follow, max-snippet:-1, max-image-preview:large, max-video-preview:-1\" \/>\n<meta property=\"og:locale\" content=\"de_DE\" \/>\n<meta property=\"og:type\" content=\"article\" \/>\n<meta property=\"og:title\" content=\"Datenschutz-Bestimmungen - Preziosa\" \/>\n<meta property=\"og:description\" content=\"INFORMATIONEN \u00dcBER DIE VERARBEITUNG PERSONENBEZOGENER DATEN VON KUNDEN (EU-VERORDNUNG 2016\/679) Sehr geehrte(r) Besucher*in, wir informieren Sie, dass PREZIOSA FRANCESCO S.r.l. Ihren Datenschutz sehr ernst nimmt und festgelegt hat, wie Ihre Daten verarbeitet und gesch\u00fctzt werden m\u00fcssen. Mehr Informationen dazu erhalten Sie im nachstehenden Dokument: Verantwortlicher f\u00fcr die Datenverarbeitung Bezeichnung Kontakte DSB \u2013 Datenschutzbeauftragter Preziosa FRANCESCO [&hellip;]\" \/>\n<meta property=\"og:url\" content=\"https:\/\/preziosa.tmp02linuxsp.coriweb.com\/de\/datenschutz-bestimmungen\/\" \/>\n<meta property=\"og:site_name\" content=\"Preziosa\" \/>\n<meta property=\"article:modified_time\" content=\"2024-03-11T10:01:59+00:00\" \/>\n<meta name=\"twitter:card\" content=\"summary_large_image\" \/>\n<meta name=\"twitter:label1\" content=\"Gesch\u00e4tzte Lesezeit\" \/>\n\t<meta name=\"twitter:data1\" content=\"3\u00a0Minuten\" \/>\n<script type=\"application\/ld+json\" class=\"yoast-schema-graph\">{\"@context\":\"https:\/\/schema.org\",\"@graph\":[{\"@type\":\"WebPage\",\"@id\":\"https:\/\/preziosa.tmp02linuxsp.coriweb.com\/de\/datenschutz-bestimmungen\/\",\"url\":\"https:\/\/preziosa.tmp02linuxsp.coriweb.com\/de\/datenschutz-bestimmungen\/\",\"name\":\"Datenschutz-Bestimmungen - Preziosa\",\"isPartOf\":{\"@id\":\"https:\/\/preziosa.tmp02linuxsp.coriweb.com\/#website\"},\"datePublished\":\"2023-12-07T16:59:35+00:00\",\"dateModified\":\"2024-03-11T10:01:59+00:00\",\"breadcrumb\":{\"@id\":\"https:\/\/preziosa.tmp02linuxsp.coriweb.com\/de\/datenschutz-bestimmungen\/#breadcrumb\"},\"inLanguage\":\"de\",\"potentialAction\":[{\"@type\":\"ReadAction\",\"target\":[\"https:\/\/preziosa.tmp02linuxsp.coriweb.com\/de\/datenschutz-bestimmungen\/\"]}]},{\"@type\":\"BreadcrumbList\",\"@id\":\"https:\/\/preziosa.tmp02linuxsp.coriweb.com\/de\/datenschutz-bestimmungen\/#breadcrumb\",\"itemListElement\":[{\"@type\":\"ListItem\",\"position\":1,\"name\":\"Home\",\"item\":\"https:\/\/preziosa.tmp02linuxsp.coriweb.com\/\"},{\"@type\":\"ListItem\",\"position\":2,\"name\":\"Datenschutz-Bestimmungen\"}]},{\"@type\":\"WebSite\",\"@id\":\"https:\/\/preziosa.tmp02linuxsp.coriweb.com\/#website\",\"url\":\"https:\/\/preziosa.tmp02linuxsp.coriweb.com\/\",\"name\":\"Preziosa\",\"description\":\"\",\"publisher\":{\"@id\":\"https:\/\/preziosa.tmp02linuxsp.coriweb.com\/#organization\"},\"potentialAction\":[{\"@type\":\"SearchAction\",\"target\":{\"@type\":\"EntryPoint\",\"urlTemplate\":\"https:\/\/preziosa.tmp02linuxsp.coriweb.com\/?s={search_term_string}\"},\"query-input\":\"required name=search_term_string\"}],\"inLanguage\":\"de\"},{\"@type\":\"Organization\",\"@id\":\"https:\/\/preziosa.tmp02linuxsp.coriweb.com\/#organization\",\"name\":\"Preziosa\",\"url\":\"https:\/\/preziosa.tmp02linuxsp.coriweb.com\/\",\"logo\":{\"@type\":\"ImageObject\",\"inLanguage\":\"de\",\"@id\":\"https:\/\/preziosa.tmp02linuxsp.coriweb.com\/#\/schema\/logo\/image\/\",\"url\":\"https:\/\/preziosa.tmp02linuxsp.coriweb.com\/wp-content\/uploads\/2023\/12\/Logo_minimal_orizzontale_bianco-1.png\",\"contentUrl\":\"https:\/\/preziosa.tmp02linuxsp.coriweb.com\/wp-content\/uploads\/2023\/12\/Logo_minimal_orizzontale_bianco-1.png\",\"width\":347,\"height\":60,\"caption\":\"Preziosa\"},\"image\":{\"@id\":\"https:\/\/preziosa.tmp02linuxsp.coriweb.com\/#\/schema\/logo\/image\/\"}}]}<\/script>\n<!-- \/ Yoast SEO plugin. -->","yoast_head_json":{"title":"Datenschutz-Bestimmungen - Preziosa","robots":{"index":"noindex","follow":"follow","max-snippet":"max-snippet:-1","max-image-preview":"max-image-preview:large","max-video-preview":"max-video-preview:-1"},"og_locale":"de_DE","og_type":"article","og_title":"Datenschutz-Bestimmungen - Preziosa","og_description":"INFORMATIONEN \u00dcBER DIE VERARBEITUNG PERSONENBEZOGENER DATEN VON KUNDEN (EU-VERORDNUNG 2016\/679) Sehr geehrte(r) Besucher*in, wir informieren Sie, dass PREZIOSA FRANCESCO S.r.l. Ihren Datenschutz sehr ernst nimmt und festgelegt hat, wie Ihre Daten verarbeitet und gesch\u00fctzt werden m\u00fcssen. Mehr Informationen dazu erhalten Sie im nachstehenden Dokument: Verantwortlicher f\u00fcr die Datenverarbeitung Bezeichnung Kontakte DSB \u2013 Datenschutzbeauftragter Preziosa FRANCESCO [&hellip;]","og_url":"https:\/\/preziosa.tmp02linuxsp.coriweb.com\/de\/datenschutz-bestimmungen\/","og_site_name":"Preziosa","article_modified_time":"2024-03-11T10:01:59+00:00","twitter_card":"summary_large_image","twitter_misc":{"Gesch\u00e4tzte Lesezeit":"3\u00a0Minuten"},"schema":{"@context":"https:\/\/schema.org","@graph":[{"@type":"WebPage","@id":"https:\/\/preziosa.tmp02linuxsp.coriweb.com\/de\/datenschutz-bestimmungen\/","url":"https:\/\/preziosa.tmp02linuxsp.coriweb.com\/de\/datenschutz-bestimmungen\/","name":"Datenschutz-Bestimmungen - Preziosa","isPartOf":{"@id":"https:\/\/preziosa.tmp02linuxsp.coriweb.com\/#website"},"datePublished":"2023-12-07T16:59:35+00:00","dateModified":"2024-03-11T10:01:59+00:00","breadcrumb":{"@id":"https:\/\/preziosa.tmp02linuxsp.coriweb.com\/de\/datenschutz-bestimmungen\/#breadcrumb"},"inLanguage":"de","potentialAction":[{"@type":"ReadAction","target":["https:\/\/preziosa.tmp02linuxsp.coriweb.com\/de\/datenschutz-bestimmungen\/"]}]},{"@type":"BreadcrumbList","@id":"https:\/\/preziosa.tmp02linuxsp.coriweb.com\/de\/datenschutz-bestimmungen\/#breadcrumb","itemListElement":[{"@type":"ListItem","position":1,"name":"Home","item":"https:\/\/preziosa.tmp02linuxsp.coriweb.com\/"},{"@type":"ListItem","position":2,"name":"Datenschutz-Bestimmungen"}]},{"@type":"WebSite","@id":"https:\/\/preziosa.tmp02linuxsp.coriweb.com\/#website","url":"https:\/\/preziosa.tmp02linuxsp.coriweb.com\/","name":"Preziosa","description":"","publisher":{"@id":"https:\/\/preziosa.tmp02linuxsp.coriweb.com\/#organization"},"potentialAction":[{"@type":"SearchAction","target":{"@type":"EntryPoint","urlTemplate":"https:\/\/preziosa.tmp02linuxsp.coriweb.com\/?s={search_term_string}"},"query-input":"required name=search_term_string"}],"inLanguage":"de"},{"@type":"Organization","@id":"https:\/\/preziosa.tmp02linuxsp.coriweb.com\/#organization","name":"Preziosa","url":"https:\/\/preziosa.tmp02linuxsp.coriweb.com\/","logo":{"@type":"ImageObject","inLanguage":"de","@id":"https:\/\/preziosa.tmp02linuxsp.coriweb.com\/#\/schema\/logo\/image\/","url":"https:\/\/preziosa.tmp02linuxsp.coriweb.com\/wp-content\/uploads\/2023\/12\/Logo_minimal_orizzontale_bianco-1.png","contentUrl":"https:\/\/preziosa.tmp02linuxsp.coriweb.com\/wp-content\/uploads\/2023\/12\/Logo_minimal_orizzontale_bianco-1.png","width":347,"height":60,"caption":"Preziosa"},"image":{"@id":"https:\/\/preziosa.tmp02linuxsp.coriweb.com\/#\/schema\/logo\/image\/"}}]}},"_links":{"self":[{"href":"https:\/\/preziosa.tmp02linuxsp.coriweb.com\/de\/wp-json\/wp\/v2\/pages\/3119"}],"collection":[{"href":"https:\/\/preziosa.tmp02linuxsp.coriweb.com\/de\/wp-json\/wp\/v2\/pages"}],"about":[{"href":"https:\/\/preziosa.tmp02linuxsp.coriweb.com\/de\/wp-json\/wp\/v2\/types\/page"}],"author":[{"embeddable":true,"href":"https:\/\/preziosa.tmp02linuxsp.coriweb.com\/de\/wp-json\/wp\/v2\/users\/1"}],"replies":[{"embeddable":true,"href":"https:\/\/preziosa.tmp02linuxsp.coriweb.com\/de\/wp-json\/wp\/v2\/comments?post=3119"}],"version-history":[{"count":13,"href":"https:\/\/preziosa.tmp02linuxsp.coriweb.com\/de\/wp-json\/wp\/v2\/pages\/3119\/revisions"}],"predecessor-version":[{"id":3501,"href":"https:\/\/preziosa.tmp02linuxsp.coriweb.com\/de\/wp-json\/wp\/v2\/pages\/3119\/revisions\/3501"}],"wp:attachment":[{"href":"https:\/\/preziosa.tmp02linuxsp.coriweb.com\/de\/wp-json\/wp\/v2\/media?parent=3119"}],"curies":[{"name":"wp","href":"https:\/\/api.w.org\/{rel}","templated":true}]}}