{"id":3405,"date":"2024-02-27T14:08:44","date_gmt":"2024-02-27T14:08:44","guid":{"rendered":"https:\/\/preziosa.tmp02linuxsp.coriweb.com\/informativa-privacy\/"},"modified":"2024-03-11T10:05:42","modified_gmt":"2024-03-11T10:05:42","slug":"informationen-ueber-die-verarbeitung-personenbezogener-daten","status":"publish","type":"page","link":"https:\/\/preziosa.tmp02linuxsp.coriweb.com\/de\/informationen-ueber-die-verarbeitung-personenbezogener-daten\/","title":{"rendered":"Informationen \u00fcber die verarbeitung personenbezogener daten"},"content":{"rendered":"\t\t<div data-elementor-type=\"wp-page\" data-elementor-id=\"3405\" class=\"elementor elementor-3405 elementor-3391\" data-elementor-post-type=\"page\">\n\t\t\t\t<div class=\"elementor-element elementor-element-906a366 e-flex e-con-boxed e-con e-parent\" data-id=\"906a366\" data-element_type=\"container\" data-core-v316-plus=\"true\">\n\t\t\t\t\t<div class=\"e-con-inner\">\n\t\t\t\t<div class=\"elementor-element elementor-element-1f353ca elementor-widget elementor-widget-text-editor\" data-id=\"1f353ca\" data-element_type=\"widget\" data-widget_type=\"text-editor.default\">\n\t\t\t\t<div class=\"elementor-widget-container\">\n\t\t\t<style>\/*! elementor - v3.20.0 - 13-03-2024 *\/\n.elementor-widget-text-editor.elementor-drop-cap-view-stacked .elementor-drop-cap{background-color:#69727d;color:#fff}.elementor-widget-text-editor.elementor-drop-cap-view-framed .elementor-drop-cap{color:#69727d;border:3px solid;background-color:transparent}.elementor-widget-text-editor:not(.elementor-drop-cap-view-default) .elementor-drop-cap{margin-top:8px}.elementor-widget-text-editor:not(.elementor-drop-cap-view-default) .elementor-drop-cap-letter{width:1em;height:1em}.elementor-widget-text-editor .elementor-drop-cap{float:left;text-align:center;line-height:1;font-size:50px}.elementor-widget-text-editor .elementor-drop-cap-letter{display:inline-block}<\/style>\t\t\t\t<p><b>PREZIOSA FRANCESCO S.r.l.<\/b><\/p><p><b>Via IV Novembre n.1, Bagnatica, 24060, BG<\/b><\/p><p><b>Tel. 035\u00a0681209, E-Mail: <\/b><a href=\"mailto:info@preziosa.com\"><b>info@preziosa.com<\/b><\/a><b>, <\/b><b>Umsatzsteuernummer: 01633480163<\/b><\/p>\t\t\t\t\t\t<\/div>\n\t\t\t\t<\/div>\n\t\t\t\t<div class=\"elementor-element elementor-element-32d4197 elementor-widget elementor-widget-heading\" data-id=\"32d4197\" data-element_type=\"widget\" data-widget_type=\"heading.default\">\n\t\t\t\t<div class=\"elementor-widget-container\">\n\t\t\t<style>\/*! elementor - v3.20.0 - 13-03-2024 *\/\n.elementor-heading-title{padding:0;margin:0;line-height:1}.elementor-widget-heading .elementor-heading-title[class*=elementor-size-]>a{color:inherit;font-size:inherit;line-height:inherit}.elementor-widget-heading .elementor-heading-title.elementor-size-small{font-size:15px}.elementor-widget-heading .elementor-heading-title.elementor-size-medium{font-size:19px}.elementor-widget-heading .elementor-heading-title.elementor-size-large{font-size:29px}.elementor-widget-heading .elementor-heading-title.elementor-size-xl{font-size:39px}.elementor-widget-heading .elementor-heading-title.elementor-size-xxl{font-size:59px}<\/style><h2 class=\"elementor-heading-title elementor-size-default\">INFORMATIONEN \u00dcBER DIE VERARBEITUNG PERSONENBEZOGENER DATEN<br>\n(EU-VERORDNUNG 2016\/679)<\/h2>\t\t<\/div>\n\t\t\t\t<\/div>\n\t\t\t\t<div class=\"elementor-element elementor-element-29983c0 elementor-widget elementor-widget-text-editor\" data-id=\"29983c0\" data-element_type=\"widget\" data-widget_type=\"text-editor.default\">\n\t\t\t\t<div class=\"elementor-widget-container\">\n\t\t\t\t\t\t\t<p><span style=\"font-weight: 400;\">Nachfolgend informieren wir Sie, wie Ihre personenbezogenen Daten verarbeitet werden.<\/span><\/p><p><strong>Namen und Anschrift des Verantwortlichen\u00a0<\/strong><\/p><p><span style=\"font-weight: 400;\">Der Datenverantwortlicher ist die Firma PREZIOSA FRANCESCO S.r.l. mit Sitz in Via IV Novembre n.1, Bagnatica, 24060, BG.<\/span><\/p><p><b>Zwecke der Datenverarbeitung<\/b><\/p><p><span style=\"font-weight: 400;\">Wir werden Ihre personenbezogenen Daten (z.\u00a0B. Vor- und Nachname, Anschrift, Kontaktdaten, Bankverbindungen usw.) zu folgenden Zwecken verarbeiten:<\/span><\/p><ol><li style=\"font-weight: 400;\" aria-level=\"1\"><span style=\"font-weight: 400;\">zur Erhebung von Informationen vor der Erbringung der Dienstleistung\/des Produkts (z.\u00a0B. Kostenvoranschlagen);<\/span><\/li><li style=\"font-weight: 400;\" aria-level=\"1\"><span style=\"font-weight: 400;\">zur Verwaltung der Erbringung von Dienstleistungen\/Produkten, Rechnungsstellung und Zahlungsmanagement;<\/span><\/li><li style=\"font-weight: 400;\" aria-level=\"1\"><span style=\"font-weight: 400;\">zur Erf\u00fcllung von Steuer- und Buchf\u00fchrungspflichten und von Gesetzen bzw. Verordnungen, zu deren Einhaltung unser Unternehmen verpflichtet ist;<\/span><\/li><\/ol><p><span style=\"font-weight: 400;\">Die Verarbeitung Ihrer Daten zu den oben genannten Zwecken ist rechtm\u00e4\u00dfig, da sie f\u00fcr die Erbringung der angeforderten Dienstleistung\/des angeforderten Produkts und f\u00fcr die Erf\u00fcllung der entsprechenden gesetzlichen Verpflichtungen erfolgt ist.<\/span><\/p><p><b>Die Notwendigkeit der Datenbereitstellung<\/b><\/p><p><span style=\"font-weight: 400;\">Ihre Daten sind f\u00fcr alle die im vorstehenden Absatz genannten Zwecke erforderlich; daraus folgt, dass wir Ihnen die Erbringung der angeforderten Dienstleistungen\/Produkte nicht garantieren k\u00f6nnen, wenn Sie uns Ihre Daten nicht zur Verf\u00fcgung stellen.\u00a0<\/span><\/p><p><b>Beschreibung der Datenverarbeitung<\/b><\/p><p><span style=\"font-weight: 400;\">Die Sicherheit Ihrer Daten ist durch die Umsetzung geeigneter technischer und organisatorischer Ma\u00dfnahmen gew\u00e4hrleistet.<\/span><\/p><p><span style=\"font-weight: 400;\">Wir garantieren, dass Ihre Daten nicht mit automatisierten Entscheidungsprozessen verarbeitet werden.<\/span><\/p><p><b>Speicherdauer Ihrer personenbezogenen Daten<\/b><\/p><p><span style=\"font-weight: 400;\">Wir speichern Ihre personenbezogenen Daten bis zur Beendigung der Gesch\u00e4ftsbeziehung und f\u00fcr die nachfolgenden 10 Jahre.<\/span><\/p><p><b>\u00dcbermittlung Ihrer personenbezogenen Daten<\/b><\/p><p><span style=\"font-weight: 400;\">Wir werden Ihre Daten an folgende Empf\u00e4nger \u00fcbermitteln:<\/span><\/p><ul><li style=\"font-weight: 400;\" aria-level=\"1\"><span style=\"font-weight: 400;\">Mitarbeiter und Mitarbeiter des Datenverantwortlichen, professionelle Firmen, Berater, IT-Dienstleister und sonstige sorgf\u00e4ltig ausgew\u00e4hlten und unverz\u00fcglich ausgebildeten Subjekten au\u00dferhalb unseres Unternehmens;<\/span><\/li><\/ul><ul><li style=\"font-weight: 400;\" aria-level=\"1\"><span style=\"font-weight: 400;\">Verwaltungsbeh\u00f6rde und \u00f6ffentliche K\u00f6rperschaften;<\/span><\/li><\/ul><ul><li style=\"font-weight: 400;\" aria-level=\"1\"><span style=\"font-weight: 400;\">Kredit- und Finanzinstitute, Versicherungsunternehmen.<\/span><\/li><\/ul><p><span style=\"font-weight: 400;\">Einige der oben aufgef\u00fchrten Empf\u00e4nger werden zum Auftragsverarbeiter ernannt; eine vollst\u00e4ndige Liste der Ernennungen ist am Hauptsitz des Datenverantwortlichen verf\u00fcgbar.<\/span><\/p><p><span style=\"font-weight: 400;\">Wir informieren Sie dar\u00fcber, dass wir <\/span><i><span style=\"font-weight: 400;\">Microsoft OneDrive<\/span><\/i><span style=\"font-weight: 400;\"> verwenden, das in einigen F\u00e4llen personenbezogene Daten au\u00dferhalb des Europ\u00e4ischen Wirtschaftsraums \u00fcbermittelt; in solchem Fall garantieren wir die Anwendung aller in der aktualisierten Datenschutzbeh\u00f6rde angegebenen Schutzma\u00dfnahmen, die unter folgendem Link ver\u00f6ffentlicht werden: <\/span><a href=\"https:\/\/www.microsoft.com\/licensinq\/docs\/view\/Microsoft-Products-and-Services-Data-Protection-Addendum-DPA?year=2021\"><span style=\"font-weight: 400;\">https:\/\/www.microsoft.com\/licensinq\/docs\/view\/Microsoft- Produkte und Dienstleistungen-Datenschutz-Addendum-DPA?year=2021<\/span><\/a><span style=\"font-weight: 400;\">.<\/span><\/p><p><b>Ihre Rechte bez\u00fcglich Ihrer personenbezogenen Daten<\/b><\/p><p><span style=\"font-weight: 400;\">Sie k\u00f6nnen jederzeit das Recht auf Auskunft, Berichtigung, L\u00f6schung, Einschr\u00e4nkung der Verarbeitung Ihrer Daten aus\u00fcben.<\/span><\/p><p><span style=\"font-weight: 400;\">Um diese Rechte auszu\u00fcben, k\u00f6nnen Sie uns unter die folgende Anschrift kontaktieren:<\/span><\/p><ul><li style=\"list-style-type: none;\"><ul><li style=\"font-weight: 400;\" aria-level=\"1\"><i><span style=\"font-weight: 400;\">Anschrift:<\/span><\/i><span style=\"font-weight: 400;\"> PREZIOSA FRANCESCO S.r.l. mit Sitz in Via IV Novembre n.1, Bagnatica, 24060, BG;<\/span><\/li><\/ul><\/li><\/ul><ul><li style=\"font-weight: 400;\" aria-level=\"1\"><i><span style=\"font-weight: 400;\">Telefon:<\/span><\/i><span style=\"font-weight: 400;\"> 035\u00a0681209;<\/span><\/li><\/ul><ul><li style=\"font-weight: 400;\" aria-level=\"1\"><span style=\"font-weight: 400;\">E-<\/span><i><span style=\"font-weight: 400;\">Mail:<\/span><\/i> <a href=\"mailto:info@preziosa.com\"><span style=\"font-weight: 400;\">info@preziosa.com<\/span><\/a><span style=\"font-weight: 400;\">;<\/span><\/li><li style=\"font-weight: 400;\" aria-level=\"1\"><i><span style=\"font-weight: 400;\">PEC:<\/span><\/i> <a href=\"mailto:preziosa.srl@legalmail.it\"><span style=\"font-weight: 400;\">preziosa.srl@legalmail.it<\/span><\/a><span style=\"font-weight: 400;\">.<\/span><\/li><\/ul><p><span style=\"font-weight: 400;\">Sie haben dar\u00fcber hinaus das Recht, eine Beschwerde bei der Datenschutzbeh\u00f6rde zu erheben <\/span><span style=\"font-weight: 400;\">(<\/span><a href=\"https:\/\/www.qaranteprivacy.it\/\"><span style=\"font-weight: 400;\">https:\/\/www.qaranteprivacy.it\/<\/span><\/a><span style=\"font-weight: 400;\">).<\/span><\/p><p><span style=\"font-weight: 400;\">Bagnatica, letztes Aktualisierungsdatum: 19\/07\/2023.<\/span><\/p>\t\t\t\t\t\t<\/div>\n\t\t\t\t<\/div>\n\t\t\t\t\t<\/div>\n\t\t\t\t<\/div>\n\t\t\t\t<\/div>\n\t\t","protected":false},"excerpt":{"rendered":"<p>PREZIOSA FRANCESCO S.r.l. Via IV Novembre n.1, Bagnatica, 24060, BG Tel. 035\u00a0681209, E-Mail: info@preziosa.com, Umsatzsteuernummer: 01633480163 INFORMATIONEN \u00dcBER DIE VERARBEITUNG PERSONENBEZOGENER DATEN (EU-VERORDNUNG 2016\/679) Nachfolgend informieren wir Sie, wie Ihre personenbezogenen Daten verarbeitet werden. Namen und Anschrift des Verantwortlichen\u00a0 Der Datenverantwortlicher ist die Firma PREZIOSA FRANCESCO S.r.l. mit Sitz in Via IV Novembre n.1, Bagnatica, [&hellip;]<\/p>\n","protected":false},"author":1,"featured_media":0,"parent":0,"menu_order":0,"comment_status":"closed","ping_status":"closed","template":"","meta":{"_acf_changed":false,"footnotes":""},"acf":[],"yoast_head":"<!-- This site is optimized with the Yoast SEO plugin v22.3 - https:\/\/yoast.com\/wordpress\/plugins\/seo\/ -->\n<title>Informationen \u00fcber die verarbeitung personenbezogener daten - Preziosa<\/title>\n<meta name=\"robots\" content=\"noindex, follow, max-snippet:-1, max-image-preview:large, max-video-preview:-1\" \/>\n<meta property=\"og:locale\" content=\"de_DE\" \/>\n<meta property=\"og:type\" content=\"article\" \/>\n<meta property=\"og:title\" content=\"Informationen \u00fcber die verarbeitung personenbezogener daten - Preziosa\" \/>\n<meta property=\"og:description\" content=\"PREZIOSA FRANCESCO S.r.l. Via IV Novembre n.1, Bagnatica, 24060, BG Tel. 035\u00a0681209, E-Mail: info@preziosa.com, Umsatzsteuernummer: 01633480163 INFORMATIONEN \u00dcBER DIE VERARBEITUNG PERSONENBEZOGENER DATEN (EU-VERORDNUNG 2016\/679) Nachfolgend informieren wir Sie, wie Ihre personenbezogenen Daten verarbeitet werden. Namen und Anschrift des Verantwortlichen\u00a0 Der Datenverantwortlicher ist die Firma PREZIOSA FRANCESCO S.r.l. mit Sitz in Via IV Novembre n.1, Bagnatica, [&hellip;]\" \/>\n<meta property=\"og:url\" content=\"https:\/\/preziosa.tmp02linuxsp.coriweb.com\/de\/informationen-ueber-die-verarbeitung-personenbezogener-daten\/\" \/>\n<meta property=\"og:site_name\" content=\"Preziosa\" \/>\n<meta property=\"article:modified_time\" content=\"2024-03-11T10:05:42+00:00\" \/>\n<meta name=\"twitter:card\" content=\"summary_large_image\" \/>\n<meta name=\"twitter:label1\" content=\"Gesch\u00e4tzte Lesezeit\" \/>\n\t<meta name=\"twitter:data1\" content=\"3\u00a0Minuten\" \/>\n<script type=\"application\/ld+json\" class=\"yoast-schema-graph\">{\"@context\":\"https:\/\/schema.org\",\"@graph\":[{\"@type\":\"WebPage\",\"@id\":\"https:\/\/preziosa.tmp02linuxsp.coriweb.com\/de\/informationen-ueber-die-verarbeitung-personenbezogener-daten\/\",\"url\":\"https:\/\/preziosa.tmp02linuxsp.coriweb.com\/de\/informationen-ueber-die-verarbeitung-personenbezogener-daten\/\",\"name\":\"Informationen \u00fcber die verarbeitung personenbezogener daten - Preziosa\",\"isPartOf\":{\"@id\":\"https:\/\/preziosa.tmp02linuxsp.coriweb.com\/#website\"},\"datePublished\":\"2024-02-27T14:08:44+00:00\",\"dateModified\":\"2024-03-11T10:05:42+00:00\",\"breadcrumb\":{\"@id\":\"https:\/\/preziosa.tmp02linuxsp.coriweb.com\/de\/informationen-ueber-die-verarbeitung-personenbezogener-daten\/#breadcrumb\"},\"inLanguage\":\"de\",\"potentialAction\":[{\"@type\":\"ReadAction\",\"target\":[\"https:\/\/preziosa.tmp02linuxsp.coriweb.com\/de\/informationen-ueber-die-verarbeitung-personenbezogener-daten\/\"]}]},{\"@type\":\"BreadcrumbList\",\"@id\":\"https:\/\/preziosa.tmp02linuxsp.coriweb.com\/de\/informationen-ueber-die-verarbeitung-personenbezogener-daten\/#breadcrumb\",\"itemListElement\":[{\"@type\":\"ListItem\",\"position\":1,\"name\":\"Home\",\"item\":\"https:\/\/preziosa.tmp02linuxsp.coriweb.com\/\"},{\"@type\":\"ListItem\",\"position\":2,\"name\":\"Informationen \u00fcber die verarbeitung personenbezogener daten\"}]},{\"@type\":\"WebSite\",\"@id\":\"https:\/\/preziosa.tmp02linuxsp.coriweb.com\/#website\",\"url\":\"https:\/\/preziosa.tmp02linuxsp.coriweb.com\/\",\"name\":\"Preziosa\",\"description\":\"\",\"publisher\":{\"@id\":\"https:\/\/preziosa.tmp02linuxsp.coriweb.com\/#organization\"},\"potentialAction\":[{\"@type\":\"SearchAction\",\"target\":{\"@type\":\"EntryPoint\",\"urlTemplate\":\"https:\/\/preziosa.tmp02linuxsp.coriweb.com\/?s={search_term_string}\"},\"query-input\":\"required name=search_term_string\"}],\"inLanguage\":\"de\"},{\"@type\":\"Organization\",\"@id\":\"https:\/\/preziosa.tmp02linuxsp.coriweb.com\/#organization\",\"name\":\"Preziosa\",\"url\":\"https:\/\/preziosa.tmp02linuxsp.coriweb.com\/\",\"logo\":{\"@type\":\"ImageObject\",\"inLanguage\":\"de\",\"@id\":\"https:\/\/preziosa.tmp02linuxsp.coriweb.com\/#\/schema\/logo\/image\/\",\"url\":\"https:\/\/preziosa.tmp02linuxsp.coriweb.com\/wp-content\/uploads\/2023\/12\/Logo_minimal_orizzontale_bianco-1.png\",\"contentUrl\":\"https:\/\/preziosa.tmp02linuxsp.coriweb.com\/wp-content\/uploads\/2023\/12\/Logo_minimal_orizzontale_bianco-1.png\",\"width\":347,\"height\":60,\"caption\":\"Preziosa\"},\"image\":{\"@id\":\"https:\/\/preziosa.tmp02linuxsp.coriweb.com\/#\/schema\/logo\/image\/\"}}]}<\/script>\n<!-- \/ Yoast SEO plugin. -->","yoast_head_json":{"title":"Informationen \u00fcber die verarbeitung personenbezogener daten - Preziosa","robots":{"index":"noindex","follow":"follow","max-snippet":"max-snippet:-1","max-image-preview":"max-image-preview:large","max-video-preview":"max-video-preview:-1"},"og_locale":"de_DE","og_type":"article","og_title":"Informationen \u00fcber die verarbeitung personenbezogener daten - Preziosa","og_description":"PREZIOSA FRANCESCO S.r.l. Via IV Novembre n.1, Bagnatica, 24060, BG Tel. 035\u00a0681209, E-Mail: info@preziosa.com, Umsatzsteuernummer: 01633480163 INFORMATIONEN \u00dcBER DIE VERARBEITUNG PERSONENBEZOGENER DATEN (EU-VERORDNUNG 2016\/679) Nachfolgend informieren wir Sie, wie Ihre personenbezogenen Daten verarbeitet werden. Namen und Anschrift des Verantwortlichen\u00a0 Der Datenverantwortlicher ist die Firma PREZIOSA FRANCESCO S.r.l. mit Sitz in Via IV Novembre n.1, Bagnatica, [&hellip;]","og_url":"https:\/\/preziosa.tmp02linuxsp.coriweb.com\/de\/informationen-ueber-die-verarbeitung-personenbezogener-daten\/","og_site_name":"Preziosa","article_modified_time":"2024-03-11T10:05:42+00:00","twitter_card":"summary_large_image","twitter_misc":{"Gesch\u00e4tzte Lesezeit":"3\u00a0Minuten"},"schema":{"@context":"https:\/\/schema.org","@graph":[{"@type":"WebPage","@id":"https:\/\/preziosa.tmp02linuxsp.coriweb.com\/de\/informationen-ueber-die-verarbeitung-personenbezogener-daten\/","url":"https:\/\/preziosa.tmp02linuxsp.coriweb.com\/de\/informationen-ueber-die-verarbeitung-personenbezogener-daten\/","name":"Informationen \u00fcber die verarbeitung personenbezogener daten - Preziosa","isPartOf":{"@id":"https:\/\/preziosa.tmp02linuxsp.coriweb.com\/#website"},"datePublished":"2024-02-27T14:08:44+00:00","dateModified":"2024-03-11T10:05:42+00:00","breadcrumb":{"@id":"https:\/\/preziosa.tmp02linuxsp.coriweb.com\/de\/informationen-ueber-die-verarbeitung-personenbezogener-daten\/#breadcrumb"},"inLanguage":"de","potentialAction":[{"@type":"ReadAction","target":["https:\/\/preziosa.tmp02linuxsp.coriweb.com\/de\/informationen-ueber-die-verarbeitung-personenbezogener-daten\/"]}]},{"@type":"BreadcrumbList","@id":"https:\/\/preziosa.tmp02linuxsp.coriweb.com\/de\/informationen-ueber-die-verarbeitung-personenbezogener-daten\/#breadcrumb","itemListElement":[{"@type":"ListItem","position":1,"name":"Home","item":"https:\/\/preziosa.tmp02linuxsp.coriweb.com\/"},{"@type":"ListItem","position":2,"name":"Informationen \u00fcber die verarbeitung personenbezogener daten"}]},{"@type":"WebSite","@id":"https:\/\/preziosa.tmp02linuxsp.coriweb.com\/#website","url":"https:\/\/preziosa.tmp02linuxsp.coriweb.com\/","name":"Preziosa","description":"","publisher":{"@id":"https:\/\/preziosa.tmp02linuxsp.coriweb.com\/#organization"},"potentialAction":[{"@type":"SearchAction","target":{"@type":"EntryPoint","urlTemplate":"https:\/\/preziosa.tmp02linuxsp.coriweb.com\/?s={search_term_string}"},"query-input":"required name=search_term_string"}],"inLanguage":"de"},{"@type":"Organization","@id":"https:\/\/preziosa.tmp02linuxsp.coriweb.com\/#organization","name":"Preziosa","url":"https:\/\/preziosa.tmp02linuxsp.coriweb.com\/","logo":{"@type":"ImageObject","inLanguage":"de","@id":"https:\/\/preziosa.tmp02linuxsp.coriweb.com\/#\/schema\/logo\/image\/","url":"https:\/\/preziosa.tmp02linuxsp.coriweb.com\/wp-content\/uploads\/2023\/12\/Logo_minimal_orizzontale_bianco-1.png","contentUrl":"https:\/\/preziosa.tmp02linuxsp.coriweb.com\/wp-content\/uploads\/2023\/12\/Logo_minimal_orizzontale_bianco-1.png","width":347,"height":60,"caption":"Preziosa"},"image":{"@id":"https:\/\/preziosa.tmp02linuxsp.coriweb.com\/#\/schema\/logo\/image\/"}}]}},"_links":{"self":[{"href":"https:\/\/preziosa.tmp02linuxsp.coriweb.com\/de\/wp-json\/wp\/v2\/pages\/3405"}],"collection":[{"href":"https:\/\/preziosa.tmp02linuxsp.coriweb.com\/de\/wp-json\/wp\/v2\/pages"}],"about":[{"href":"https:\/\/preziosa.tmp02linuxsp.coriweb.com\/de\/wp-json\/wp\/v2\/types\/page"}],"author":[{"embeddable":true,"href":"https:\/\/preziosa.tmp02linuxsp.coriweb.com\/de\/wp-json\/wp\/v2\/users\/1"}],"replies":[{"embeddable":true,"href":"https:\/\/preziosa.tmp02linuxsp.coriweb.com\/de\/wp-json\/wp\/v2\/comments?post=3405"}],"version-history":[{"count":10,"href":"https:\/\/preziosa.tmp02linuxsp.coriweb.com\/de\/wp-json\/wp\/v2\/pages\/3405\/revisions"}],"predecessor-version":[{"id":3490,"href":"https:\/\/preziosa.tmp02linuxsp.coriweb.com\/de\/wp-json\/wp\/v2\/pages\/3405\/revisions\/3490"}],"wp:attachment":[{"href":"https:\/\/preziosa.tmp02linuxsp.coriweb.com\/de\/wp-json\/wp\/v2\/media?parent=3405"}],"curies":[{"name":"wp","href":"https:\/\/api.w.org\/{rel}","templated":true}]}}